{"id":28,"date":"2020-06-24T15:58:10","date_gmt":"2020-06-24T15:58:10","guid":{"rendered":"http:\/\/mechecolab.blogs.bristol.ac.uk\/?page_id=28"},"modified":"2026-02-25T16:37:58","modified_gmt":"2026-02-25T16:37:58","slug":"people","status":"publish","type":"page","link":"https:\/\/mechanicalecology.exeter.ac.uk\/?page_id=28","title":{"rendered":"<a id=\"back\"><\/a>People"},"content":{"rendered":"<h3><img loading=\"lazy\" decoding=\"async\" class=\"alignnone wp-image-702 size-large\" src=\"https:\/\/mechanical-ecology-lab.onyx-sites.io\/wp-content\/uploads\/2022\/08\/810_2695-6-1024x683.jpg\" alt=\"\" width=\"780\" height=\"520\" srcset=\"https:\/\/mechanicalecology.exeter.ac.uk\/wp-content\/uploads\/2022\/08\/810_2695-6-1024x683.jpg 1024w, https:\/\/mechanicalecology.exeter.ac.uk\/wp-content\/uploads\/2022\/08\/810_2695-6-300x200.jpg 300w, https:\/\/mechanicalecology.exeter.ac.uk\/wp-content\/uploads\/2022\/08\/810_2695-6-768x512.jpg 768w, https:\/\/mechanicalecology.exeter.ac.uk\/wp-content\/uploads\/2022\/08\/810_2695-6-1536x1025.jpg 1536w, https:\/\/mechanicalecology.exeter.ac.uk\/wp-content\/uploads\/2022\/08\/810_2695-6.jpg 1920w\" sizes=\"auto, (max-width: 780px) 100vw, 780px\" \/><\/h3>\n<p>&nbsp;<\/p>\n<hr \/>\n<h3 style=\"text-align: center;\"><a href=\"https:\/\/mechanicalecology.exeter.ac.uk\/?page_id=56\">Dr Ulrike Bauer (PI)<\/a><\/h3>\n<p style=\"text-align: center;\"><a href=\"http:\/\/mechecolab.blogs.bristol.ac.uk\/people\/ulrike-bauer\/\"><img loading=\"lazy\" decoding=\"async\" class=\"size-medium wp-image-51 aligncenter\" src=\"https:\/\/mechanical-ecology-lab.onyx-sites.io\/wp-content\/uploads\/2020\/06\/BMS_6155-200x300.jpg\" alt=\"\" width=\"200\" height=\"300\" srcset=\"https:\/\/mechanicalecology.exeter.ac.uk\/wp-content\/uploads\/2020\/06\/BMS_6155-200x300.jpg 200w, https:\/\/mechanicalecology.exeter.ac.uk\/wp-content\/uploads\/2020\/06\/BMS_6155-684x1024.jpg 684w, https:\/\/mechanicalecology.exeter.ac.uk\/wp-content\/uploads\/2020\/06\/BMS_6155-768x1150.jpg 768w, https:\/\/mechanicalecology.exeter.ac.uk\/wp-content\/uploads\/2020\/06\/BMS_6155-1026x1536.jpg 1026w, https:\/\/mechanicalecology.exeter.ac.uk\/wp-content\/uploads\/2020\/06\/BMS_6155.jpg 1282w\" sizes=\"auto, (max-width: 200px) 100vw, 200px\" \/><\/a><\/p>\n<p style=\"text-align: center;\">Royal Society University Research Fellow and Senior Lecturer<\/p>\n<hr \/>\n<h3 style=\"text-align: center;\"><a href=\"https:\/\/mechanicalecology.exeter.ac.uk\/?page_id=714\">Dr Skylar Johnson<\/a><\/h3>\n<p><img loading=\"lazy\" decoding=\"async\" class=\"alignnone size-medium wp-image-715 aligncenter\" src=\"https:\/\/mechanical-ecology-lab.onyx-sites.io\/wp-content\/uploads\/2022\/08\/Skylar_July2019_2-300x225.jpg\" alt=\"\" width=\"300\" height=\"225\" srcset=\"https:\/\/mechanicalecology.exeter.ac.uk\/wp-content\/uploads\/2022\/08\/Skylar_July2019_2-300x225.jpg 300w, https:\/\/mechanicalecology.exeter.ac.uk\/wp-content\/uploads\/2022\/08\/Skylar_July2019_2-768x576.jpg 768w, https:\/\/mechanicalecology.exeter.ac.uk\/wp-content\/uploads\/2022\/08\/Skylar_July2019_2.jpg 820w\" sizes=\"auto, (max-width: 300px) 100vw, 300px\" \/><\/p>\n<p style=\"text-align: center;\">Postdoctoral Research Fellow<\/p>\n<hr \/>\n<h3 style=\"text-align: center;\"><a href=\"https:\/\/mechanicalecology.exeter.ac.uk\/?page_id=142\">Dr Michal R. Golos<\/a><\/h3>\n<p style=\"text-align: center;\"><img loading=\"lazy\" decoding=\"async\" class=\"aligncenter wp-image-1731 size-medium\" src=\"https:\/\/mechanicalecology.exeter.ac.uk\/wp-content\/uploads\/2026\/02\/Michal-225x300.jpeg\" alt=\"\" width=\"225\" height=\"300\" srcset=\"https:\/\/mechanicalecology.exeter.ac.uk\/wp-content\/uploads\/2026\/02\/Michal-225x300.jpeg 225w, https:\/\/mechanicalecology.exeter.ac.uk\/wp-content\/uploads\/2026\/02\/Michal-768x1024.jpeg 768w, https:\/\/mechanicalecology.exeter.ac.uk\/wp-content\/uploads\/2026\/02\/Michal-1152x1536.jpeg 1152w, https:\/\/mechanicalecology.exeter.ac.uk\/wp-content\/uploads\/2026\/02\/Michal-660x880.jpeg 660w, https:\/\/mechanicalecology.exeter.ac.uk\/wp-content\/uploads\/2026\/02\/Michal.jpeg 1536w\" sizes=\"auto, (max-width: 225px) 100vw, 225px\" \/><\/p>\n<p style=\"text-align: center;\">Postdoctoral Research Associate<\/p>\n<hr \/>\n<h3 style=\"text-align: center;\"><a href=\"https:\/\/mechanicalecology.exeter.ac.uk\/?page_id=468\">Dr Oona Lessware<\/a><\/h3>\n<p style=\"text-align: center;\"><img loading=\"lazy\" decoding=\"async\" class=\"aligncenter size-medium wp-image-937\" src=\"https:\/\/mechanicalecology.exeter.ac.uk\/wp-content\/uploads\/2024\/03\/IMG_5828-256x300.jpg\" alt=\"\" width=\"256\" height=\"300\" srcset=\"https:\/\/mechanicalecology.exeter.ac.uk\/wp-content\/uploads\/2024\/03\/IMG_5828-256x300.jpg 256w, https:\/\/mechanicalecology.exeter.ac.uk\/wp-content\/uploads\/2024\/03\/IMG_5828-872x1024.jpg 872w, https:\/\/mechanicalecology.exeter.ac.uk\/wp-content\/uploads\/2024\/03\/IMG_5828-768x902.jpg 768w, https:\/\/mechanicalecology.exeter.ac.uk\/wp-content\/uploads\/2024\/03\/IMG_5828-1308x1536.jpg 1308w, https:\/\/mechanicalecology.exeter.ac.uk\/wp-content\/uploads\/2024\/03\/IMG_5828-1745x2048.jpg 1745w, https:\/\/mechanicalecology.exeter.ac.uk\/wp-content\/uploads\/2024\/03\/IMG_5828-660x775.jpg 660w, https:\/\/mechanicalecology.exeter.ac.uk\/wp-content\/uploads\/2024\/03\/IMG_5828.jpg 1920w\" sizes=\"auto, (max-width: 256px) 100vw, 256px\" \/><\/p>\n<p style=\"text-align: center;\">Postdoctoral Research Fellow<\/p>\n<hr \/>\n<h3 style=\"text-align: center;\"><a href=\"https:\/\/mechanicalecology.exeter.ac.uk\/?page_id=1713\">Katy Statham<\/a><\/h3>\n<p><img loading=\"lazy\" decoding=\"async\" class=\"aligncenter size-medium wp-image-1709\" src=\"https:\/\/mechanicalecology.exeter.ac.uk\/wp-content\/uploads\/2026\/02\/2026-02-19_photo_KatyStatham-193x300.jpeg\" alt=\"\" width=\"193\" height=\"300\" srcset=\"https:\/\/mechanicalecology.exeter.ac.uk\/wp-content\/uploads\/2026\/02\/2026-02-19_photo_KatyStatham-193x300.jpeg 193w, https:\/\/mechanicalecology.exeter.ac.uk\/wp-content\/uploads\/2026\/02\/2026-02-19_photo_KatyStatham-659x1024.jpeg 659w, https:\/\/mechanicalecology.exeter.ac.uk\/wp-content\/uploads\/2026\/02\/2026-02-19_photo_KatyStatham-768x1193.jpeg 768w, https:\/\/mechanicalecology.exeter.ac.uk\/wp-content\/uploads\/2026\/02\/2026-02-19_photo_KatyStatham-989x1536.jpeg 989w, https:\/\/mechanicalecology.exeter.ac.uk\/wp-content\/uploads\/2026\/02\/2026-02-19_photo_KatyStatham-1319x2048.jpeg 1319w, https:\/\/mechanicalecology.exeter.ac.uk\/wp-content\/uploads\/2026\/02\/2026-02-19_photo_KatyStatham-660x1025.jpeg 660w, https:\/\/mechanicalecology.exeter.ac.uk\/wp-content\/uploads\/2026\/02\/2026-02-19_photo_KatyStatham-scaled.jpeg 1649w\" sizes=\"auto, (max-width: 193px) 100vw, 193px\" \/><\/p>\n<p style=\"text-align: center;\">PhD student<\/p>\n<hr \/>\n<h3 style=\"text-align: center;\"><a href=\"https:\/\/mechanicalecology.exeter.ac.uk\/?page_id=1745\">Graham Sharpe<\/a><\/h3>\n<p><img loading=\"lazy\" decoding=\"async\" class=\"aligncenter size-medium wp-image-1725\" src=\"https:\/\/mechanicalecology.exeter.ac.uk\/wp-content\/uploads\/2026\/02\/Graham-293x300.jpg\" alt=\"\" width=\"293\" height=\"300\" srcset=\"https:\/\/mechanicalecology.exeter.ac.uk\/wp-content\/uploads\/2026\/02\/Graham-293x300.jpg 293w, https:\/\/mechanicalecology.exeter.ac.uk\/wp-content\/uploads\/2026\/02\/Graham-768x785.jpg 768w, https:\/\/mechanicalecology.exeter.ac.uk\/wp-content\/uploads\/2026\/02\/Graham-660x675.jpg 660w, https:\/\/mechanicalecology.exeter.ac.uk\/wp-content\/uploads\/2026\/02\/Graham.jpg 793w\" sizes=\"auto, (max-width: 293px) 100vw, 293px\" \/><\/p>\n<p style=\"text-align: center;\">PhD student<\/p>\n<hr \/>\n<h3 style=\"text-align: center;\">Igor Ceran<\/h3>\n<p><img loading=\"lazy\" decoding=\"async\" class=\"aligncenter wp-image-1727 size-medium\" src=\"https:\/\/mechanicalecology.exeter.ac.uk\/wp-content\/uploads\/2026\/02\/Igor-e1772018828615-268x300.jpg\" alt=\"\" width=\"268\" height=\"300\" srcset=\"https:\/\/mechanicalecology.exeter.ac.uk\/wp-content\/uploads\/2026\/02\/Igor-e1772018828615-268x300.jpg 268w, https:\/\/mechanicalecology.exeter.ac.uk\/wp-content\/uploads\/2026\/02\/Igor-e1772018828615-914x1024.jpg 914w, https:\/\/mechanicalecology.exeter.ac.uk\/wp-content\/uploads\/2026\/02\/Igor-e1772018828615-768x860.jpg 768w, https:\/\/mechanicalecology.exeter.ac.uk\/wp-content\/uploads\/2026\/02\/Igor-e1772018828615-1372x1536.jpg 1372w, https:\/\/mechanicalecology.exeter.ac.uk\/wp-content\/uploads\/2026\/02\/Igor-e1772018828615-660x739.jpg 660w, https:\/\/mechanicalecology.exeter.ac.uk\/wp-content\/uploads\/2026\/02\/Igor-e1772018828615.jpg 1536w\" sizes=\"auto, (max-width: 268px) 100vw, 268px\" \/><\/p>\n<p style=\"text-align: center;\">M by Res student<\/p>\n<hr \/>\n<h3 style=\"text-align: center;\">Prafulla Sujatha Nagesh<\/h3>\n<p><img loading=\"lazy\" decoding=\"async\" class=\"aligncenter size-medium wp-image-1737\" src=\"https:\/\/mechanicalecology.exeter.ac.uk\/wp-content\/uploads\/2026\/02\/Prafulla-225x300.jpeg\" alt=\"\" width=\"225\" height=\"300\" srcset=\"https:\/\/mechanicalecology.exeter.ac.uk\/wp-content\/uploads\/2026\/02\/Prafulla-225x300.jpeg 225w, https:\/\/mechanicalecology.exeter.ac.uk\/wp-content\/uploads\/2026\/02\/Prafulla-768x1024.jpeg 768w, https:\/\/mechanicalecology.exeter.ac.uk\/wp-content\/uploads\/2026\/02\/Prafulla-1152x1536.jpeg 1152w, https:\/\/mechanicalecology.exeter.ac.uk\/wp-content\/uploads\/2026\/02\/Prafulla-1536x2048.jpeg 1536w, https:\/\/mechanicalecology.exeter.ac.uk\/wp-content\/uploads\/2026\/02\/Prafulla-660x880.jpeg 660w, https:\/\/mechanicalecology.exeter.ac.uk\/wp-content\/uploads\/2026\/02\/Prafulla-scaled.jpeg 1920w\" sizes=\"auto, (max-width: 225px) 100vw, 225px\" \/><\/p>\n<p style=\"text-align: center;\">M by Res student<\/p>\n<hr \/>\n<h3 style=\"text-align: center;\">Ariane Bilgen<\/h3>\n<p style=\"text-align: center;\">BSc final year project student<\/p>\n<hr \/>\n<h3>Collaborators:<\/h3>\n<p><a href=\"https:\/\/physics-astronomy.exeter.ac.uk\/staff\/jmoger\">Prof Julian Moger<\/a>, Department of Physics and Astronomy, University of Exeter, UK<\/p>\n<p><a href=\"http:\/\/www.bristol.ac.uk\/biology\/people\/heather-m-whitney\/\">Dr Heather Whitney<\/a>, School of Biological Sciences, University of Bristol, UK<\/p>\n<p><a href=\"http:\/\/www.bristol.ac.uk\/biology\/people\/marc-w-holderied\/index.html\">Prof Marc Holderied<\/a>, School of Biological Sciences, University of Bristol, UK<\/p>\n<p><a href=\"https:\/\/www.durham.ac.uk\/staff\/guillaume-chomicki\/\">Prof Guillaume Chomicki<\/a>, Department of Biosciences, University of Durham, UK<\/p>\n<p><a href=\"https:\/\/www.sheffield.ac.uk\/biosciences\/people\/academic-staff\/sam-amsbury\">Dr Sam Amsbury<\/a>, Department of Biosciences, University of Sheffield, UK<\/p>\n<p><a href=\"https:\/\/personalpages.manchester.ac.uk\/staff\/finn.box\/ResearchInterests.html\">Dr Finn Box<\/a>, School of Physics and Astronomy, University of Manchester, UK<\/p>\n<p><a href=\"https:\/\/www.plants.ox.ac.uk\/people\/dr-chris-thorogood\">Dr Chris Thorogood<\/a>, Oxford Botanic Garden, UK<\/p>\n<p><a href=\"https:\/\/www.zoo.ox.ac.uk\/people\/dr-beth-mortimer\">Dr Beth Mortimer<\/a>, Department of Zoology, University of Oxford, UK<\/p>\n<p><a href=\"http:\/\/evo-biomech.ic.ac.uk\/people\/lab-members\/#david-labonte\">Dr David Labonte<\/a>, Department of Bioengineering, Imperial College London, UK<\/p>\n<p><a href=\"https:\/\/www.zoo.cam.ac.uk\/directory\/walter-federle\">Dr Walter Federle<\/a>, Department of Zoology, University of Cambridge, UK<\/p>\n<p><a href=\"https:\/\/www.chesterzoo.org\/what-we-do\/our-zoo\/biographies\/phillip-esseen\/\">Philip Esseen<\/a>, Chester Zoo, UK<\/p>\n<p><a href=\"https:\/\/www.botanischer-garten.uni-freiburg.de\/mitarbeiter\/pbg\/simonpoppinga\">Dr Simon Poppinga<\/a>, Darmstadt Botanic Garden, Germany<\/p>\n<p><a href=\"https:\/\/www.hs-bremen.de\/internet\/de\/hsb\/struktur\/mitarbeiter\/abaars\/\">Prof Albert Baars<\/a>, Department of Biomimetics, City University of Applied Sciences, Bremen, Germany<\/p>\n<p>Dr Mathias Scharmann, Department of Biology and Biochemistry, University of Potsdam, Germany<\/p>\n<p><a href=\"https:\/\/www.biozentrum.uni-wuerzburg.de\/en\/bot1\/research\/dr-kenji-fukushima\/\">Dr Kenji Fukushima<\/a>, National Institute of Genetics, Mishima, Japan<\/p>\n<p><a href=\"https:\/\/expert.ubd.edu.bn\/ulmar.grafe\">Prof Ulmar Grafe<\/a>, Department of Biology, Universiti Brunei Darussalam, Gadong, Brunei<\/p>\n<p><a href=\"https:\/\/sites.psu.edu\/rennerlab\/\">Dr Tanya Renner<\/a>, Department of Entomology, Penn State University, USA<\/p>\n<p><a href=\"http:\/\/lucasbusta.github.io\/\">Dr Lucas Busta<\/a>, Department of Chemistry and\u00a0 Biochemistry, University of Minnesota Duluth, USA<\/p>\n<p><a href=\"https:\/\/blogs.ubc.ca\/jetterlab\/\">Prof Reinhard Jetter<\/a>, Department of Chemistry and Department of Botany, University of British Columbia, Canada<\/p>\n<hr \/>\n<h3>Former lab members:<\/h3>\n<p>Sienna Read, MRes student 2024-25, University of Exeter<\/p>\n<p>Ieuan Davies, BSc student 2024-25, University of Exeter<\/p>\n<p><a href=\"https:\/\/mechanicalecology.exeter.ac.uk\/?page_id=61\">Dr Anne-Kristin Lenz<\/a>, PhD student 2018-2024, University of Bristol<\/p>\n<p><a href=\"https:\/\/researchportal.bath.ac.uk\/en\/persons\/nathaniel-kelly\">Dr Nathaniel Kelly<\/a>, Postdoctoral Research Associate 2021-23, University of Bristol<\/p>\n<p>Nathanael Tan, MScR student 2022-23, University of Bristol<\/p>\n<p>Amy Winn, MSci (Bioinformatics) student 2022-23, University of Bristol<\/p>\n<p>Eve Davies, summer intern 2023, University of Bristol<\/p>\n<p>Torsten Alandt, visiting BSc student 2022-23, City University of Applied Sciences, Bremen, Germany<\/p>\n<p>Tjark Maretzke, visiting BSc student 2022-23, City University of Applied Sciences, Bremen, Germany<\/p>\n<p>Janine Drube, visiting BSc student 2021-22, City University of Applied Sciences, Bremen, Germany<\/p>\n<p>Veronika Weis, visiting BSc student 2020-21, City University of Applied Sciences, Bremen, Germany<\/p>\n<p>George Hale, MSc student 2019-20, University of Bristol<\/p>\n<p>Charilaos Pylidis, Research Assistant 2015-16, University of Bristol<\/p>\n<p>Hannah Berg, MSc student 2015-16, University of Bristol<\/p>\n<p>Sid Dougan, BSc student 2015, University of Bristol<\/p>\n<p>Emily Wood, BSc student 2015, University of Bristol<\/p>\n<p>Marion Paulin, Mast\u00e8re Ecoing\u00e9nierie student 2014, \u00c9cole Nationale Sup\u00e9rieure d&#8217;Agronomie de Toulouse, France<\/p>\n<p><img loading=\"lazy\" decoding=\"async\" class=\"aligncenter size-medium wp-image-1377\" src=\"https:\/\/mechanicalecology.exeter.ac.uk\/wp-content\/uploads\/2024\/03\/NewLabLogo-300x300.jpg\" alt=\"\" width=\"300\" height=\"300\" srcset=\"https:\/\/mechanicalecology.exeter.ac.uk\/wp-content\/uploads\/2024\/03\/NewLabLogo-300x300.jpg 300w, https:\/\/mechanicalecology.exeter.ac.uk\/wp-content\/uploads\/2024\/03\/NewLabLogo-1024x1024.jpg 1024w, https:\/\/mechanicalecology.exeter.ac.uk\/wp-content\/uploads\/2024\/03\/NewLabLogo-150x150.jpg 150w, https:\/\/mechanicalecology.exeter.ac.uk\/wp-content\/uploads\/2024\/03\/NewLabLogo-768x768.jpg 768w, https:\/\/mechanicalecology.exeter.ac.uk\/wp-content\/uploads\/2024\/03\/NewLabLogo-1536x1536.jpg 1536w, https:\/\/mechanicalecology.exeter.ac.uk\/wp-content\/uploads\/2024\/03\/NewLabLogo-2048x2048.jpg 2048w, https:\/\/mechanicalecology.exeter.ac.uk\/wp-content\/uploads\/2024\/03\/NewLabLogo-660x660.jpg 660w\" sizes=\"auto, (max-width: 300px) 100vw, 300px\" \/><\/p>\n<p>&nbsp;<\/p>\n","protected":false},"excerpt":{"rendered":"<p>&nbsp; Dr Ulrike Bauer (PI) Royal Society University Research Fellow and Senior Lecturer Dr Skylar Johnson Postdoctoral Research Fellow Dr&hellip; <a class=\"read-more\" href=\"https:\/\/mechanicalecology.exeter.ac.uk\/?page_id=28\">Read more <span class=\"screen-reader-text\">People<\/span><\/a><\/p>\n","protected":false},"author":5,"featured_media":0,"parent":0,"menu_order":0,"comment_status":"closed","ping_status":"closed","template":"","meta":{"footnotes":""},"class_list":["post-28","page","type-page","status-publish","hentry"],"jetpack_sharing_enabled":true,"_links":{"self":[{"href":"https:\/\/mechanicalecology.exeter.ac.uk\/index.php?rest_route=\/wp\/v2\/pages\/28","targetHints":{"allow":["GET"]}}],"collection":[{"href":"https:\/\/mechanicalecology.exeter.ac.uk\/index.php?rest_route=\/wp\/v2\/pages"}],"about":[{"href":"https:\/\/mechanicalecology.exeter.ac.uk\/index.php?rest_route=\/wp\/v2\/types\/page"}],"author":[{"embeddable":true,"href":"https:\/\/mechanicalecology.exeter.ac.uk\/index.php?rest_route=\/wp\/v2\/users\/5"}],"replies":[{"embeddable":true,"href":"https:\/\/mechanicalecology.exeter.ac.uk\/index.php?rest_route=%2Fwp%2Fv2%2Fcomments&post=28"}],"version-history":[{"count":24,"href":"https:\/\/mechanicalecology.exeter.ac.uk\/index.php?rest_route=\/wp\/v2\/pages\/28\/revisions"}],"predecessor-version":[{"id":1757,"href":"https:\/\/mechanicalecology.exeter.ac.uk\/index.php?rest_route=\/wp\/v2\/pages\/28\/revisions\/1757"}],"wp:attachment":[{"href":"https:\/\/mechanicalecology.exeter.ac.uk\/index.php?rest_route=%2Fwp%2Fv2%2Fmedia&parent=28"}],"curies":[{"name":"wp","href":"https:\/\/api.w.org\/{rel}","templated":true}]}}